{"id":15,"date":"2014-02-15T23:43:09","date_gmt":"2014-02-15T22:43:09","guid":{"rendered":"http:\/\/www.ecole-henri-matisse-damgan.fr\/amicale\/?page_id=15"},"modified":"2014-02-17T14:02:06","modified_gmt":"2014-02-17T13:02:06","slug":"contact","status":"publish","type":"page","link":"https:\/\/www.ecole-henri-matisse-damgan.fr\/amicale\/contact\/","title":{"rendered":"Contact"},"content":{"rendered":"<p>L&rsquo;amicale est g\u00e9r\u00e9e par des b\u00e9n\u00e9voles qui ne peuvent \u00eatre aussi disponibles qu&rsquo;ils le souhaiteraient. N&rsquo;h\u00e9sitez pas \u00e0 laisser une message sur la boite vocale du num\u00e9ro de t\u00e9l\u00e9phone, ou d&rsquo;utiliser la boite mail.<\/p>\n<p style=\"text-align: center;\"><img loading=\"lazy\" decoding=\"async\" alt=\"contactasso\" src=\"http:\/\/www.ecole-henri-matisse-damgan.fr\/amicale\/wp-content\/uploads\/2014\/02\/contactasso.png\" width=\"339\" height=\"77\" \/><\/a><\/p>\n","protected":false},"excerpt":{"rendered":"<p>L&rsquo;amicale est g\u00e9r\u00e9e par des b\u00e9n\u00e9voles qui ne peuvent \u00eatre aussi disponibles qu&rsquo;ils le souhaiteraient. N&rsquo;h\u00e9sitez pas \u00e0 laisser une message sur la boite vocale du num\u00e9ro de t\u00e9l\u00e9phone, ou d&rsquo;utiliser la boite mail.<\/p>\n","protected":false},"author":1,"featured_media":0,"parent":0,"menu_order":0,"comment_status":"open","ping_status":"open","template":"","meta":{"footnotes":""},"class_list":["post-15","page","type-page","status-publish"],"_links":{"self":[{"href":"https:\/\/www.ecole-henri-matisse-damgan.fr\/amicale\/wp-json\/wp\/v2\/pages\/15","targetHints":{"allow":["GET"]}}],"collection":[{"href":"https:\/\/www.ecole-henri-matisse-damgan.fr\/amicale\/wp-json\/wp\/v2\/pages"}],"about":[{"href":"https:\/\/www.ecole-henri-matisse-damgan.fr\/amicale\/wp-json\/wp\/v2\/types\/page"}],"author":[{"embeddable":true,"href":"https:\/\/www.ecole-henri-matisse-damgan.fr\/amicale\/wp-json\/wp\/v2\/users\/1"}],"replies":[{"embeddable":true,"href":"https:\/\/www.ecole-henri-matisse-damgan.fr\/amicale\/wp-json\/wp\/v2\/comments?post=15"}],"version-history":[{"count":4,"href":"https:\/\/www.ecole-henri-matisse-damgan.fr\/amicale\/wp-json\/wp\/v2\/pages\/15\/revisions"}],"predecessor-version":[{"id":17,"href":"https:\/\/www.ecole-henri-matisse-damgan.fr\/amicale\/wp-json\/wp\/v2\/pages\/15\/revisions\/17"}],"wp:attachment":[{"href":"https:\/\/www.ecole-henri-matisse-damgan.fr\/amicale\/wp-json\/wp\/v2\/media?parent=15"}],"curies":[{"name":"wp","href":"https:\/\/api.w.org\/{rel}","templated":true}]}}