{"id":5,"date":"2014-02-15T21:41:08","date_gmt":"2014-02-15T20:41:08","guid":{"rendered":"http:\/\/www.ecole-henri-matisse-damgan.fr\/amicale\/?page_id=5"},"modified":"2014-02-15T22:16:20","modified_gmt":"2014-02-15T21:16:20","slug":"qui-sommes-nous","status":"publish","type":"page","link":"https:\/\/www.ecole-henri-matisse-damgan.fr\/amicale\/qui-sommes-nous\/","title":{"rendered":"Pourquoi une amicale?"},"content":{"rendered":"<p><a href=\"http:\/\/www.ecole-henri-matisse-damgan.fr\/amicale\/wp-content\/uploads\/2014\/02\/benevoles.jpg\"><img loading=\"lazy\" decoding=\"async\" class=\"alignnone size-full wp-image-8\" alt=\"benevoles\" src=\"http:\/\/www.ecole-henri-matisse-damgan.fr\/amicale\/wp-content\/uploads\/2014\/02\/benevoles.jpg\" width=\"539\" height=\"305\" srcset=\"https:\/\/www.ecole-henri-matisse-damgan.fr\/amicale\/wp-content\/uploads\/2014\/02\/benevoles.jpg 539w, https:\/\/www.ecole-henri-matisse-damgan.fr\/amicale\/wp-content\/uploads\/2014\/02\/benevoles-300x169.jpg 300w\" sizes=\"auto, (max-width: 539px) 100vw, 539px\" \/><\/a><\/p>\n<p>La mission de l&rsquo;amicale des parents d&rsquo;\u00e9l\u00e8ves est de r\u00e9colter des fonds <strong>pour embellir la vie scolaire de nos enfants<\/strong>. L&rsquo;essentiel de l&rsquo;argent est gagn\u00e9 en organisant des f\u00eates sur la commune.<\/p>\n<p>Gr\u00e2ce \u00e0 ces fonds, les enfants ont pu notamment une ann\u00e9e sur 2 partir en voyage avec leur classe dans des conditions exceptionnelles. Que ce soit au ski, en classe de \u00ab\u00a0cirque\u00a0\u00bb, ces voyages ont \u00e9t\u00e9 rendus accessibles \u00e0 toutes les familles.<\/p>\n<p>Cet argent sert \u00e9galement \u00e0 une multitude de petites choses pour l&rsquo;intendance, l&rsquo;administration, l&rsquo;achat de mat\u00e9riel \u00e9ducatif, les loisirs, les f\u00eates, &#8230;<\/p>\n<p>C&rsquo;est un r\u00e9el soutien qui est loin d&rsquo;\u00eatre anecdotique<\/p>\n<p><b style=\"line-height: 1.5;\">Important<\/b><span style=\"line-height: 1.5;\">: l&rsquo;amicale n&rsquo;est pas exclusivement r\u00e9serv\u00e9e aux parents d&rsquo;\u00e9l\u00e8ves.Toute personne d\u00e9sireuse de participer \u00e0 cette belle aventure de quelque fa\u00e7on que ce soit est la bienvenue.<\/span><\/p>\n<p>(c) photo\u00a0<a href=\"http:\/\/www.letelegramme.fr\/local\/morbihan\/vannes-auray\/muzillac\/damgan\/ecole-henri-matisse-la-foule-au-vide-greniers-25-09-2013-2246341.php\">Le t\u00e9l\u00e9gramme<\/a><\/p>\n","protected":false},"excerpt":{"rendered":"<p>La mission de l&rsquo;amicale des parents d&rsquo;\u00e9l\u00e8ves est de r\u00e9colter des fonds pour embellir la vie scolaire de nos enfants. L&rsquo;essentiel de l&rsquo;argent est gagn\u00e9 en organisant des f\u00eates sur la commune. Gr\u00e2ce \u00e0 ces fonds, les enfants ont pu notamment une ann\u00e9e sur 2 partir en voyage avec leur classe dans des conditions exceptionnelles. &#8230; <a title=\"Pourquoi une amicale?\" class=\"read-more\" href=\"https:\/\/www.ecole-henri-matisse-damgan.fr\/amicale\/qui-sommes-nous\/\" aria-label=\"En savoir plus sur Pourquoi une amicale?\">Lire la suite<\/a><\/p>\n","protected":false},"author":1,"featured_media":0,"parent":0,"menu_order":0,"comment_status":"open","ping_status":"open","template":"","meta":{"footnotes":""},"class_list":["post-5","page","type-page","status-publish"],"_links":{"self":[{"href":"https:\/\/www.ecole-henri-matisse-damgan.fr\/amicale\/wp-json\/wp\/v2\/pages\/5","targetHints":{"allow":["GET"]}}],"collection":[{"href":"https:\/\/www.ecole-henri-matisse-damgan.fr\/amicale\/wp-json\/wp\/v2\/pages"}],"about":[{"href":"https:\/\/www.ecole-henri-matisse-damgan.fr\/amicale\/wp-json\/wp\/v2\/types\/page"}],"author":[{"embeddable":true,"href":"https:\/\/www.ecole-henri-matisse-damgan.fr\/amicale\/wp-json\/wp\/v2\/users\/1"}],"replies":[{"embeddable":true,"href":"https:\/\/www.ecole-henri-matisse-damgan.fr\/amicale\/wp-json\/wp\/v2\/comments?post=5"}],"version-history":[{"count":3,"href":"https:\/\/www.ecole-henri-matisse-damgan.fr\/amicale\/wp-json\/wp\/v2\/pages\/5\/revisions"}],"predecessor-version":[{"id":9,"href":"https:\/\/www.ecole-henri-matisse-damgan.fr\/amicale\/wp-json\/wp\/v2\/pages\/5\/revisions\/9"}],"wp:attachment":[{"href":"https:\/\/www.ecole-henri-matisse-damgan.fr\/amicale\/wp-json\/wp\/v2\/media?parent=5"}],"curies":[{"name":"wp","href":"https:\/\/api.w.org\/{rel}","templated":true}]}}